{"id":3,"date":"2020-10-22T08:12:06","date_gmt":"2020-10-22T08:12:06","guid":{"rendered":"https:\/\/www.rivernorth.no\/?page_id=3"},"modified":"2024-03-05T13:03:53","modified_gmt":"2024-03-05T13:03:53","slug":"privacy-policy","status":"publish","type":"page","link":"https:\/\/www.rivernorth.no\/en\/privacy-policy\/","title":{"rendered":"Privacy Policy"},"content":{"rendered":"\n<p><strong>Personvernerkl\u00e6ring for RiverNorth Rafting AS<\/strong><\/p>\n\n\n\n<p>Din personvern er viktig for oss hos RiverNorth Rafting AS. Denne personvernerkl\u00e6ringen forklarer hvordan vi samler inn, bruker, deler og beskytter personlig informasjon i forbindelse med v\u00e5re tjenester.<\/p>\n\n\n\n<p><strong>1. Innsamling av informasjon<\/strong><\/p>\n\n\n\n<p>Vi kan samle inn personlig informasjon fra deg n\u00e5r du booker en raftingtur hos oss, registrerer deg p\u00e5 nettstedet v\u00e5rt, abonnerer p\u00e5 nyhetsbrevet v\u00e5rt eller p\u00e5 annen m\u00e5te bruker v\u00e5re tjenester. Denne informasjonen kan inkludere navn, kontaktinformasjon, betalingsinformasjon og annen relevant informasjon.<\/p>\n\n\n\n<p><strong>2. Bruk av informasjon<\/strong><\/p>\n\n\n\n<p>Vi bruker den innsamlede informasjonen til \u00e5 tilby tjenestene v\u00e5re, behandle bestillinger, kommunisere med deg, forbedre kundeopplevelsen og oppfylle juridiske forpliktelser. Vi kan ogs\u00e5 bruke informasjonen til markedsf\u00f8ringsform\u00e5l, forutsatt at du har gitt ditt samtykke p\u00e5 forh\u00e5nd. Dette gj\u00f8r vi ved en muntlig foresp\u00f8rsel ved oppm\u00f8te for aktiviteten din.<\/p>\n\n\n\n<p><strong>3. Deling av informasjon<\/strong><\/p>\n\n\n\n<p>Vi deler ikke personlig identifiserbar informasjon med tredjeparter uten ditt samtykke, med mindre det er n\u00f8dvendig for \u00e5 levere tjenestene v\u00e5re, oppfylle juridiske forpliktelser eller beskytte v\u00e5re rettigheter eller eiendeler.<\/p>\n\n\n\n<p><strong>4. Beskyttelse av informasjon<\/strong><\/p>\n\n\n\n<p>Vi tar rimelige forholdsregler for \u00e5 beskytte personlig informasjon mot tap, misbruk, uautorisert tilgang eller offentliggj\u00f8ring. Dette inkluderer bruk av bransjestandard sikkerhetstiltak og begrensning av tilgangen til din informasjon til autoriserte personer.<\/p>\n\n\n\n<p><strong>5. Dine rettigheter<\/strong><\/p>\n\n\n\n<p>Du har rett til \u00e5 be om tilgang til, korrigering av eller sletting av din personlige informasjon. Du har ogs\u00e5 rett til \u00e5 motsette deg eller begrense v\u00e5r bruk av din informasjon og til \u00e5 kreve portabilitet av din informasjon. For \u00e5 ut\u00f8ve disse rettighetene, vennligst kontakt oss p\u00e5 <a href=\"mailto:mail@rivernorth.no\">mail@rivernorth.no<\/a>.<\/p>\n\n\n\n<p><strong>6. Endringer i personvernerkl\u00e6ringen<\/strong><\/p>\n\n\n\n<p>Vi forbeholder oss retten til \u00e5 oppdatere eller endre denne personvernerkl\u00e6ringen n\u00e5r som helst. Eventuelle endringer vil tre i kraft umiddelbart etter at de er lagt ut p\u00e5 nettstedet v\u00e5rt.<\/p>\n\n\n\n<p><strong>7. Kontakt oss<\/strong><\/p>\n\n\n\n<p>Hvis du har sp\u00f8rsm\u00e5l eller bekymringer om v\u00e5r personvernerkl\u00e6ring eller v\u00e5r h\u00e5ndtering av personlig informasjon, vennligst kontakt oss p\u00e5 <a href=\"mailto:mail@rivernorth.no\">mail@rivernorth.no<\/a><\/p>\n","protected":false},"excerpt":{"rendered":"<p>Personvernerkl\u00e6ring for RiverNorth Rafting AS Din personvern er viktig for oss hos RiverNorth Rafting AS. Denne personvernerkl\u00e6ringen forklarer hvordan vi samler inn, bruker, deler og beskytter personlig informasjon i forbindelse med v\u00e5re tjenester. 1. Innsamling av informasjon Vi kan samle inn personlig informasjon fra deg n\u00e5r du booker en raftingtur hos oss, registrerer deg p\u00e5&hellip;<\/p>\n","protected":false},"author":1,"featured_media":0,"parent":0,"menu_order":0,"comment_status":"closed","ping_status":"open","template":"","meta":{"footnotes":""},"class_list":["post-3","page","type-page","status-publish","hentry"],"_links":{"self":[{"href":"https:\/\/www.rivernorth.no\/en\/wp-json\/wp\/v2\/pages\/3","targetHints":{"allow":["GET"]}}],"collection":[{"href":"https:\/\/www.rivernorth.no\/en\/wp-json\/wp\/v2\/pages"}],"about":[{"href":"https:\/\/www.rivernorth.no\/en\/wp-json\/wp\/v2\/types\/page"}],"author":[{"embeddable":true,"href":"https:\/\/www.rivernorth.no\/en\/wp-json\/wp\/v2\/users\/1"}],"replies":[{"embeddable":true,"href":"https:\/\/www.rivernorth.no\/en\/wp-json\/wp\/v2\/comments?post=3"}],"version-history":[{"count":1,"href":"https:\/\/www.rivernorth.no\/en\/wp-json\/wp\/v2\/pages\/3\/revisions"}],"predecessor-version":[{"id":1730,"href":"https:\/\/www.rivernorth.no\/en\/wp-json\/wp\/v2\/pages\/3\/revisions\/1730"}],"wp:attachment":[{"href":"https:\/\/www.rivernorth.no\/en\/wp-json\/wp\/v2\/media?parent=3"}],"curies":[{"name":"wp","href":"https:\/\/api.w.org\/{rel}","templated":true}]}}