{"id":20,"date":"2020-10-22T18:58:51","date_gmt":"2020-10-22T18:58:51","guid":{"rendered":"https:\/\/rivernorth.no\/?page_id=20"},"modified":"2021-02-20T09:48:41","modified_gmt":"2021-02-20T09:48:41","slug":"partners-and-links","status":"publish","type":"page","link":"https:\/\/www.rivernorth.no\/en\/about\/partners-and-links\/","title":{"rendered":"Partners and links"},"content":{"rendered":"\n<h1>\n\t\tPartners\n\t<\/h1>\n\t<p>Our partners are dedicated to quality -and passionate about their work. That is why we recommend their activites, their food and their beds.<\/p>\n\t\t\t\t<a href=\"http:\/\/www.fruhaugans.no\/\" target=\"_blank\" rel=\"noopener\" itemprop=\"url\">\n\t\t\t\t<img loading=\"lazy\" decoding=\"async\" src=\"https:\/\/www.rivernorth.no\/wp-content\/uploads\/2020\/12\/FRU-HAUGANS-1024x682.jpg\" alt=\"FRU HAUGANS\" itemprop=\"image\" height=\"682\" width=\"1024\" title=\"FRU HAUGANS\" onerror=\"this.style.display='none'\"  \/>\n\t\t\t\t<\/a>\n\t\t\t<a href=\"http:\/\/www.fruhaugans.no\/\" target=\"_blank\" role=\"button\" rel=\"noopener\">\n\t\t\t\t\t\t\tFru Haugans Hotel\n\t\t\t\t\t<\/a>\n\t\t\t\t<a href=\"http:\/\/www.strandligard.no\/\" target=\"_blank\" rel=\"noopener\" itemprop=\"url\">\n\t\t\t\t<img loading=\"lazy\" decoding=\"async\" src=\"https:\/\/www.rivernorth.no\/wp-content\/uploads\/2020\/12\/318525_320633491296836_489569962_n.jpg\" alt=\"318525_320633491296836_489569962_n\" itemprop=\"image\" height=\"386\" width=\"404\" title=\"318525_320633491296836_489569962_n\" onerror=\"this.style.display='none'\"  \/>\n\t\t\t\t<\/a>\n\t\t\t<a href=\"http:\/\/www.strandligard.no\/\" target=\"_blank\" role=\"button\" rel=\"noopener\">\n\t\t\t\t\t\t\tStrandli G\u00e5rd\n\t\t\t\t\t<\/a>\n\t\t\t\t<a href=\"http:\/\/www.naturligehelgeland.no\/mosjoenviaferrata\/\" target=\"_blank\" rel=\"noopener\" itemprop=\"url\">\n\t\t\t\t<img loading=\"lazy\" decoding=\"async\" src=\"https:\/\/www.rivernorth.no\/wp-content\/uploads\/2020\/12\/10557274_788947124536978_9066189840012837628_n-e1467731902559.png\" alt=\"10557274_788947124536978_9066189840012837628_n-e1467731902559\" itemprop=\"image\" height=\"253\" width=\"200\" title=\"10557274_788947124536978_9066189840012837628_n-e1467731902559\" onerror=\"this.style.display='none'\"  \/>\n\t\t\t\t<\/a>\n\t\t\t<a href=\"http:\/\/www.naturligehelgeland.no\/mosjoenviaferrata\/\" target=\"_blank\" role=\"button\" rel=\"noopener\">\n\t\t\t\t\t\t\tNaturlige Helgeland\n\t\t\t\t\t<\/a>\n<h2>\n\t\tLinks\n\t<\/h2>\n<h3>\n\t\tAccomodation\n\t<\/h3>\n\t<ul>\n<li><a href=\"http:\/\/www.svenningdal-camping.no\/\">Svenningdal<\/a> <a href=\"http:\/\/www.svenningdal-camping.no\/\">Camping<\/a><\/li>\n<li><a href=\"http:\/\/www.storforsencamping.no\/\">Storforsen Camping<\/a><\/li>\n<li><a href=\"http:\/\/www.laksfors.no\/public.aspx?pageid=2084\">Laksfors Villa<\/a><\/li>\n<li><a href=\"http:\/\/www.fruhaugans.no\/\" target=\"_blank\" rel=\"noopener\">Fru Haugans hotel<\/a><\/li>\n<li><a href=\"http:\/\/seterstadgard.no\/no\/velkommen\/\" target=\"_blank\" rel=\"noopener\">Seterstad<\/a><\/li>\n<li><a href=\"http:\/\/www.furuheimgaard.no\/\" target=\"_blank\" rel=\"noopener\">Furuheim g\u00e5rd<\/a><\/li>\n<li><a href=\"http:\/\/www.gryteselvfjellgard.com\/\" target=\"_blank\" rel=\"noopener\">Gryteselv fjellg\u00e5rd<\/a><\/li>\n<li><a href=\"http:\/\/borgefjell-hytteutleie.no\/\" target=\"_blank\" rel=\"noopener\">B\u00f8rgefjell hytte-utleie<\/a><\/li>\n<li><a href=\"http:\/\/strandligard.no\/\" target=\"_blank\" rel=\"noopener\">Strandli g\u00e5rd<\/a><\/li>\n<li><a href=\"http:\/\/www.fjellfolketshus.no\/\" target=\"_blank\" rel=\"noopener\">Fjellfolkets hus i Hattfjelldal<\/a><\/li>\n<\/ul>\n<h3>\n\t\tEat and drink\n\t<\/h3>\n\t<ul>\n<li><a href=\"http:\/\/www.laksforsen.no\/\" target=\"_blank\" rel=\"noopener\">Laksforsen<\/a><\/li>\n<li><a href=\"https:\/\/www.facebook.com\/Trixie-Restaurant-Bar-646130612186933\/\" target=\"_blank\" rel=\"noopener\">Trixie Trofors<\/a><\/li>\n<li><a href=\"http:\/\/strandligard.no\/\" target=\"_blank\" rel=\"noopener\">Strandli g\u00e5rd<\/a><\/li>\n<li><a href=\"http:\/\/www.gryteselvfjellgard.com\/\" target=\"_blank\" rel=\"noopener\">Gryteselv fjellg\u00e5rd<\/a><\/li>\n<\/ul>\n<h3>\n\t\tOther activities\n\t<\/h3>\n\t<ul>\n<li><a href=\"https:\/\/www.naturligehelgeland.no\/\">Naturlige Helgeland <\/a><\/li>\n<li><a href=\"https:\/\/www.norgesnasjonalparker.no\/nasjonalparker\/borgefjell\/?gclid=CjwKCAiAg8OBBhA8EiwAlKw3kgAzsMLQ_KqSxe4AyfzbzB1wwWSG0uWFAf-WqWdY64YWTMQTjXFUDhoCHNgQAvD_BwE\">B\u00f8rgefjell Nationalpark<\/a><\/li>\n<li><a href=\"https:\/\/www.norgesnasjonalparker.no\/nasjonalparker\/lomsdal-visten\/?gclid=CjwKCAiAg8OBBhA8EiwAlKw3kqClv-kRDCAVh_Yk_abpdQC1dWIPn9JYM-c_BOCgQyZx3PML-EblIRoCd2IQAvD_BwE\">Lomsdal-visten Nationalpark<\/a><\/li>\n<li><a href=\"http:\/\/helgelandmuseum.no\/archives\/category\/nyheter\" target=\"_blank\" rel=\"noopener\">Helgeland Museum<\/a><\/li>\n<li><a href=\"http:\/\/sijtijarnge.no\/\" target=\"_blank\" rel=\"noopener\">Sijti Jarnage &#8211; Samisk Kultursenter<\/a><\/li>\n<li><a href=\"http:\/\/booking.visithelgeland.com\/en\/mobile\/activity\/a970196\/inn_i_det_ukjente_-_yfjellgrotta_970196\/details\" target=\"_blank\" rel=\"noopener\">\u00d8yfjellgrotta &#8211; a cave adventure<\/a><\/li>\n<li><a href=\"https:\/\/familieparken.no\/#\/\">Namskogan Familiepark<\/a><\/li>\n<li><a href=\"https:\/\/www.sameskolen.no\/#\">Sameskolen<\/a><\/li>\n<\/ul>\n<h3>\n\t\tTourist websites\n\t<\/h3>\n\t<ul>\n<li><a href=\"http:\/\/www.grane.kommune.no\/\">Grane kommune<\/a><\/li>\n<li><a href=\"https:\/\/vefsna.com\/\">Vefsna Region<\/a><\/li>\n<li><a href=\"http:\/\/visithelgeland.com\/no\/velkommen\" target=\"_blank\" rel=\"noopener\">Visit Helgeland<\/a><\/li>\n<li><a href=\"https:\/\/vy.no\" target=\"_blank\" rel=\"noopener\">Norwegian Railway<\/a><\/li>\n<\/ul>\n\n","protected":false},"excerpt":{"rendered":"<p>Partners Our partners are dedicated to quality -and passionate about their work. That is why we recommend their activites, their food and their beds. Fru Haugans Hotel Strandli G\u00e5rd Naturlige Helgeland Links Accomodation Svenningdal Camping Storforsen Camping Laksfors Villa Fru Haugans hotel Seterstad Furuheim g\u00e5rd Gryteselv fjellg\u00e5rd B\u00f8rgefjell hytte-utleie Strandli g\u00e5rd Fjellfolkets hus i Hattfjelldal&hellip;<\/p>\n","protected":false},"author":1,"featured_media":0,"parent":18,"menu_order":0,"comment_status":"closed","ping_status":"closed","template":"","meta":{"footnotes":""},"class_list":["post-20","page","type-page","status-publish","hentry"],"_links":{"self":[{"href":"https:\/\/www.rivernorth.no\/en\/wp-json\/wp\/v2\/pages\/20","targetHints":{"allow":["GET"]}}],"collection":[{"href":"https:\/\/www.rivernorth.no\/en\/wp-json\/wp\/v2\/pages"}],"about":[{"href":"https:\/\/www.rivernorth.no\/en\/wp-json\/wp\/v2\/types\/page"}],"author":[{"embeddable":true,"href":"https:\/\/www.rivernorth.no\/en\/wp-json\/wp\/v2\/users\/1"}],"replies":[{"embeddable":true,"href":"https:\/\/www.rivernorth.no\/en\/wp-json\/wp\/v2\/comments?post=20"}],"version-history":[{"count":6,"href":"https:\/\/www.rivernorth.no\/en\/wp-json\/wp\/v2\/pages\/20\/revisions"}],"predecessor-version":[{"id":661,"href":"https:\/\/www.rivernorth.no\/en\/wp-json\/wp\/v2\/pages\/20\/revisions\/661"}],"up":[{"embeddable":true,"href":"https:\/\/www.rivernorth.no\/en\/wp-json\/wp\/v2\/pages\/18"}],"wp:attachment":[{"href":"https:\/\/www.rivernorth.no\/en\/wp-json\/wp\/v2\/media?parent=20"}],"curies":[{"name":"wp","href":"https:\/\/api.w.org\/{rel}","templated":true}]}}